{"id":74,"date":"2011-10-04T06:29:58","date_gmt":"2011-10-04T06:29:58","guid":{"rendered":"http:\/\/themes.themegoods.com\/crius_wp\/?page_id=74"},"modified":"2026-01-09T22:54:03","modified_gmt":"2026-01-09T21:54:03","slug":"contact-us","status":"publish","type":"page","link":"https:\/\/motioncrafted.com\/index.php\/contact-us\/","title":{"rendered":"Kontakt"},"content":{"rendered":"<p data-start=\"140\" data-end=\"480\"><strong data-start=\"140\" data-end=\"234\">Jestem profesjonalnym fotografem motoryzacyjnym, specjalizuj\u0105cym si\u0119 w rigshot photography<\/strong> \u2014 technice pozwalaj\u0105cej uchwyci\u0107 dynamiczny ruch samochodu przy pe\u0142nej ostro\u015bci i poczuciu pr\u0119dko\u015bci. Dzi\u0119ki dedykowanemu rigowi, kontrolowanemu ruchowi i zaawansowanej postprodukcji, zamieniam statyczne uj\u0119cia w filmowe, pe\u0142ne energii obrazy.<\/p>\n<p data-start=\"482\" data-end=\"688\">Dzia\u0142am w \u0141odzi, gdzie cz\u0119sto fotografuj\u0119 samochody podczas track day\u00f3w na Torze \u0141\u00f3d\u017a, rejestruj\u0105c prawdziw\u0105 jazd\u0119 w jej najczystszej formie. Moim celem jest zawsze to samo: tworzy\u0107 zdj\u0119cia, kt\u00f3re \u201e\u017cyj\u0105\u201d.<\/p>\n<p data-start=\"690\" data-end=\"717\"><strong data-start=\"690\" data-end=\"700\">Adres:<\/strong><br data-start=\"700\" data-end=\"703\" \/>\u0141\u00f3d\u017a, Polska<\/p>\n<p data-start=\"719\" data-end=\"777\"><strong data-start=\"719\" data-end=\"731\">Kontakt:<\/strong><br data-start=\"731\" data-end=\"734\" \/><a class=\"decorated-link cursor-pointer\" rel=\"noopener\" data-start=\"734\" data-end=\"757\">hello@motioncrafted.com<\/a><br data-start=\"757\" data-end=\"760\" \/>+48 505 065 270<\/p>\n","protected":false},"excerpt":{"rendered":"<p>Jestem profesjonalnym fotografem motoryzacyjnym, specjalizuj\u0105cym si\u0119 w rigshot photography \u2014 technice pozwalaj\u0105cej uchwyci\u0107 dynamiczny ruch samochodu przy pe\u0142nej ostro\u015bci i poczuciu pr\u0119dko\u015bci. Dzi\u0119ki dedykowanemu rigowi, kontrolowanemu ruchowi i zaawansowanej postprodukcji, zamieniam statyczne uj\u0119cia w filmowe, pe\u0142ne energii obrazy. Dzia\u0142am w \u0141odzi, gdzie cz\u0119sto fotografuj\u0119 samochody podczas track day\u00f3w na Torze \u0141\u00f3d\u017a, rejestruj\u0105c prawdziw\u0105 jazd\u0119 w [&hellip;]<\/p>\n","protected":false},"author":1,"featured_media":15,"parent":0,"menu_order":0,"comment_status":"open","ping_status":"open","template":"contact.php","meta":{"footnotes":""},"class_list":["post-74","page","type-page","status-publish","has-post-thumbnail","hentry"],"_links":{"self":[{"href":"https:\/\/motioncrafted.com\/index.php\/wp-json\/wp\/v2\/pages\/74","targetHints":{"allow":["GET"]}}],"collection":[{"href":"https:\/\/motioncrafted.com\/index.php\/wp-json\/wp\/v2\/pages"}],"about":[{"href":"https:\/\/motioncrafted.com\/index.php\/wp-json\/wp\/v2\/types\/page"}],"author":[{"embeddable":true,"href":"https:\/\/motioncrafted.com\/index.php\/wp-json\/wp\/v2\/users\/1"}],"replies":[{"embeddable":true,"href":"https:\/\/motioncrafted.com\/index.php\/wp-json\/wp\/v2\/comments?post=74"}],"version-history":[{"count":6,"href":"https:\/\/motioncrafted.com\/index.php\/wp-json\/wp\/v2\/pages\/74\/revisions"}],"predecessor-version":[{"id":3842,"href":"https:\/\/motioncrafted.com\/index.php\/wp-json\/wp\/v2\/pages\/74\/revisions\/3842"}],"wp:featuredmedia":[{"embeddable":true,"href":"https:\/\/motioncrafted.com\/index.php\/wp-json\/wp\/v2\/media\/15"}],"wp:attachment":[{"href":"https:\/\/motioncrafted.com\/index.php\/wp-json\/wp\/v2\/media?parent=74"}],"curies":[{"name":"wp","href":"https:\/\/api.w.org\/{rel}","templated":true}]}}